{"id":16,"date":"2024-08-18T15:23:37","date_gmt":"2024-08-18T18:23:37","guid":{"rendered":"https:\/\/schneideragroambiental-com-br.stackstaging.com\/?page_id=16"},"modified":"2024-09-21T17:32:00","modified_gmt":"2024-09-21T20:32:00","slug":"servicos","status":"publish","type":"page","link":"https:\/\/schneideragroambiental.com.br\/?page_id=16","title":{"rendered":"Servi\u00e7os"},"content":{"rendered":"\t\t<div data-elementor-type=\"wp-page\" data-elementor-id=\"16\" class=\"elementor elementor-16\">\n\t\t\t\t\t\t\t\t\t<section class=\"elementor-section elementor-top-section elementor-element elementor-element-230692ad elementor-section-boxed elementor-section-height-default elementor-section-height-default\" data-id=\"230692ad\" data-element_type=\"section\" data-settings=\"{&quot;background_background&quot;:&quot;classic&quot;}\">\n\t\t\t\t\t\t<div class=\"elementor-container elementor-column-gap-default\">\n\t\t\t\t\t<div class=\"elementor-column elementor-col-25 elementor-top-column elementor-element elementor-element-5673debe\" data-id=\"5673debe\" data-element_type=\"column\">\n\t\t\t<div class=\"elementor-widget-wrap elementor-element-populated\">\n\t\t\t\t\t\t\t\t<div class=\"elementor-element elementor-element-4b078e43 elementor-widget elementor-widget-theme-site-logo elementor-widget-image\" data-id=\"4b078e43\" data-element_type=\"widget\" data-widget_type=\"theme-site-logo.default\">\n\t\t\t\t<div class=\"elementor-widget-container\">\n\t\t\t<style>\/*! elementor - v3.9.2 - 21-12-2022 *\/\n.elementor-widget-image{text-align:center}.elementor-widget-image a{display:inline-block}.elementor-widget-image a img[src$=\".svg\"]{width:48px}.elementor-widget-image img{vertical-align:middle;display:inline-block}<\/style>\t\t\t\t\t\t\t\t\t\t\t\t\t<a href=\"https:\/\/schneideragroambiental.com.br\">\n\t\t\t\t\t\t\t<img loading=\"lazy\" decoding=\"async\" width=\"276\" height=\"81\" src=\"https:\/\/schneideragroambiental.com.br\/wp-content\/uploads\/2024\/08\/logo.png\" class=\"attachment-full size-full wp-image-8\" alt=\"\" \/>\t\t\t\t\t\t\t\t<\/a>\n\t\t\t\t\t\t\t\t\t\t\t\t\t\t\t<\/div>\n\t\t\t\t<\/div>\n\t\t\t\t\t<\/div>\n\t\t<\/div>\n\t\t\t\t<div class=\"elementor-column elementor-col-25 elementor-top-column elementor-element elementor-element-841dc22\" data-id=\"841dc22\" data-element_type=\"column\">\n\t\t\t<div class=\"elementor-widget-wrap\">\n\t\t\t\t\t\t\t\t\t<\/div>\n\t\t<\/div>\n\t\t\t\t<div class=\"elementor-column elementor-col-50 elementor-top-column elementor-element elementor-element-4e82829d\" data-id=\"4e82829d\" data-element_type=\"column\">\n\t\t\t<div class=\"elementor-widget-wrap elementor-element-populated\">\n\t\t\t\t\t\t\t\t<div class=\"elementor-element elementor-element-394ada84 elementor-nav-menu--dropdown-tablet elementor-nav-menu__text-align-aside elementor-nav-menu--toggle elementor-nav-menu--burger elementor-widget elementor-widget-nav-menu\" data-id=\"394ada84\" data-element_type=\"widget\" data-settings=\"{&quot;layout&quot;:&quot;horizontal&quot;,&quot;submenu_icon&quot;:{&quot;value&quot;:&quot;&lt;i class=\\&quot;fas fa-caret-down\\&quot;&gt;&lt;\\\/i&gt;&quot;,&quot;library&quot;:&quot;fa-solid&quot;},&quot;toggle&quot;:&quot;burger&quot;}\" data-widget_type=\"nav-menu.default\">\n\t\t\t\t<div class=\"elementor-widget-container\">\n\t\t\t<link rel=\"stylesheet\" href=\"https:\/\/schneideragroambiental-com-br.stackstaging.com\/wp-content\/plugins\/elementor-pro\/assets\/css\/widget-nav-menu.min.css\">\t\t\t<nav migration_allowed=\"1\" migrated=\"0\" class=\"elementor-nav-menu--main elementor-nav-menu__container elementor-nav-menu--layout-horizontal e--pointer-underline e--animation-fade\">\n\t\t\t\t<ul id=\"menu-1-394ada84\" class=\"elementor-nav-menu\"><li class=\"menu-item menu-item-type-post_type menu-item-object-page menu-item-home menu-item-28\"><a href=\"https:\/\/schneideragroambiental.com.br\/\" class=\"elementor-item\">In\u00edcio<\/a><\/li>\n<li class=\"menu-item menu-item-type-post_type menu-item-object-page menu-item-29\"><a href=\"https:\/\/schneideragroambiental.com.br\/?page_id=16\" class=\"elementor-item\">Servi\u00e7os<\/a><\/li>\n<li class=\"menu-item menu-item-type-post_type menu-item-object-page menu-item-30\"><a href=\"https:\/\/schneideragroambiental.com.br\/?page_id=14\" class=\"elementor-item\">Empresa<\/a><\/li>\n<li class=\"menu-item menu-item-type-post_type menu-item-object-page menu-item-31\"><a href=\"https:\/\/schneideragroambiental.com.br\/?page_id=12\" class=\"elementor-item\">Contato<\/a><\/li>\n<\/ul>\t\t\t<\/nav>\n\t\t\t\t\t<div class=\"elementor-menu-toggle\" role=\"button\" tabindex=\"0\" aria-label=\"Menu Toggle\" aria-expanded=\"false\">\n\t\t\t<i aria-hidden=\"true\" role=\"presentation\" class=\"elementor-menu-toggle__icon--open eicon-menu-bar\"><\/i><i aria-hidden=\"true\" role=\"presentation\" class=\"elementor-menu-toggle__icon--close eicon-close\"><\/i>\t\t\t<span class=\"elementor-screen-only\">Menu<\/span>\n\t\t<\/div>\n\t\t\t\t\t<nav class=\"elementor-nav-menu--dropdown elementor-nav-menu__container\" aria-hidden=\"true\">\n\t\t\t\t<ul id=\"menu-2-394ada84\" class=\"elementor-nav-menu\"><li class=\"menu-item menu-item-type-post_type menu-item-object-page menu-item-home menu-item-28\"><a href=\"https:\/\/schneideragroambiental.com.br\/\" class=\"elementor-item\" tabindex=\"-1\">In\u00edcio<\/a><\/li>\n<li class=\"menu-item menu-item-type-post_type menu-item-object-page menu-item-29\"><a href=\"https:\/\/schneideragroambiental.com.br\/?page_id=16\" class=\"elementor-item\" tabindex=\"-1\">Servi\u00e7os<\/a><\/li>\n<li class=\"menu-item menu-item-type-post_type menu-item-object-page menu-item-30\"><a href=\"https:\/\/schneideragroambiental.com.br\/?page_id=14\" class=\"elementor-item\" tabindex=\"-1\">Empresa<\/a><\/li>\n<li class=\"menu-item menu-item-type-post_type menu-item-object-page menu-item-31\"><a href=\"https:\/\/schneideragroambiental.com.br\/?page_id=12\" class=\"elementor-item\" tabindex=\"-1\">Contato<\/a><\/li>\n<\/ul>\t\t\t<\/nav>\n\t\t\t\t<\/div>\n\t\t\t\t<\/div>\n\t\t\t\t\t<\/div>\n\t\t<\/div>\n\t\t\t\t\t\t\t<\/div>\n\t\t<\/section>\n\t\t\t\t<section class=\"elementor-section elementor-top-section elementor-element elementor-element-4cf2bb4c elementor-section-full_width elementor-section-height-default elementor-section-height-default\" data-id=\"4cf2bb4c\" data-element_type=\"section\">\n\t\t\t\t\t\t<div class=\"elementor-container elementor-column-gap-default\">\n\t\t\t\t\t<div class=\"elementor-column elementor-col-100 elementor-top-column elementor-element elementor-element-54a2c1f1\" data-id=\"54a2c1f1\" data-element_type=\"column\">\n\t\t\t<div class=\"elementor-widget-wrap elementor-element-populated\">\n\t\t\t\t\t\t\t\t<div class=\"elementor-element elementor-element-3f65d8f3 elementor-widget__width-inherit e-transform e-transform elementor-widget elementor-widget-image\" data-id=\"3f65d8f3\" data-element_type=\"widget\" data-settings=\"{&quot;_transform_translateY_effect&quot;:{&quot;unit&quot;:&quot;px&quot;,&quot;size&quot;:17,&quot;sizes&quot;:[]},&quot;_transform_scale_effect&quot;:{&quot;unit&quot;:&quot;px&quot;,&quot;size&quot;:1.1,&quot;sizes&quot;:[]},&quot;_transform_translateX_effect&quot;:{&quot;unit&quot;:&quot;px&quot;,&quot;size&quot;:&quot;&quot;,&quot;sizes&quot;:[]},&quot;_transform_translateX_effect_tablet&quot;:{&quot;unit&quot;:&quot;px&quot;,&quot;size&quot;:&quot;&quot;,&quot;sizes&quot;:[]},&quot;_transform_translateX_effect_mobile&quot;:{&quot;unit&quot;:&quot;px&quot;,&quot;size&quot;:&quot;&quot;,&quot;sizes&quot;:[]},&quot;_transform_translateY_effect_tablet&quot;:{&quot;unit&quot;:&quot;px&quot;,&quot;size&quot;:&quot;&quot;,&quot;sizes&quot;:[]},&quot;_transform_translateY_effect_mobile&quot;:{&quot;unit&quot;:&quot;px&quot;,&quot;size&quot;:&quot;&quot;,&quot;sizes&quot;:[]},&quot;_transform_scale_effect_tablet&quot;:{&quot;unit&quot;:&quot;px&quot;,&quot;size&quot;:&quot;&quot;,&quot;sizes&quot;:[]},&quot;_transform_scale_effect_mobile&quot;:{&quot;unit&quot;:&quot;px&quot;,&quot;size&quot;:&quot;&quot;,&quot;sizes&quot;:[]}}\" data-widget_type=\"image.default\">\n\t\t\t\t<div class=\"elementor-widget-container\">\n\t\t\t\t\t\t\t\t\t\t\t\t\t\t\t<img loading=\"lazy\" decoding=\"async\" width=\"900\" height=\"598\" src=\"https:\/\/schneideragroambiental.com.br\/wp-content\/uploads\/2024\/08\/FLORESTA.jpg\" class=\"attachment-full size-full wp-image-41\" alt=\"\" srcset=\"https:\/\/schneideragroambiental.com.br\/wp-content\/uploads\/2024\/08\/FLORESTA.jpg 900w, https:\/\/schneideragroambiental.com.br\/wp-content\/uploads\/2024\/08\/FLORESTA-300x199.jpg 300w, https:\/\/schneideragroambiental.com.br\/wp-content\/uploads\/2024\/08\/FLORESTA-768x510.jpg 768w\" sizes=\"auto, (max-width: 900px) 100vw, 900px\" \/>\t\t\t\t\t\t\t\t\t\t\t\t\t\t\t<\/div>\n\t\t\t\t<\/div>\n\t\t\t\t\t<\/div>\n\t\t<\/div>\n\t\t\t\t\t\t\t<\/div>\n\t\t<\/section>\n\t\t\t\t<section class=\"elementor-section elementor-top-section elementor-element elementor-element-e3751a6 elementor-section-full_width elementor-section-height-default elementor-section-height-default\" data-id=\"e3751a6\" data-element_type=\"section\" data-settings=\"{&quot;background_background&quot;:&quot;classic&quot;}\">\n\t\t\t\t\t\t<div class=\"elementor-container elementor-column-gap-default\">\n\t\t\t\t\t<div class=\"elementor-column elementor-col-50 elementor-top-column elementor-element elementor-element-a7820db\" data-id=\"a7820db\" data-element_type=\"column\">\n\t\t\t<div class=\"elementor-widget-wrap elementor-element-populated\">\n\t\t\t\t\t\t\t\t<div class=\"elementor-element elementor-element-b5dd9fd elementor-widget elementor-widget-spacer\" data-id=\"b5dd9fd\" data-element_type=\"widget\" data-widget_type=\"spacer.default\">\n\t\t\t\t<div class=\"elementor-widget-container\">\n\t\t\t<style>\/*! elementor - v3.9.2 - 21-12-2022 *\/\n.elementor-column .elementor-spacer-inner{height:var(--spacer-size)}.e-con{--container-widget-width:100%}.e-con-inner>.elementor-widget-spacer,.e-con>.elementor-widget-spacer{width:var(--container-widget-width,var(--spacer-size));--align-self:var(--container-widget-align-self,initial);--flex-shrink:0}.e-con-inner>.elementor-widget-spacer>.elementor-widget-container,.e-con-inner>.elementor-widget-spacer>.elementor-widget-container>.elementor-spacer,.e-con>.elementor-widget-spacer>.elementor-widget-container,.e-con>.elementor-widget-spacer>.elementor-widget-container>.elementor-spacer{height:100%}.e-con-inner>.elementor-widget-spacer>.elementor-widget-container>.elementor-spacer>.elementor-spacer-inner,.e-con>.elementor-widget-spacer>.elementor-widget-container>.elementor-spacer>.elementor-spacer-inner{height:var(--container-widget-height,var(--spacer-size))}<\/style>\t\t<div class=\"elementor-spacer\">\n\t\t\t<div class=\"elementor-spacer-inner\"><\/div>\n\t\t<\/div>\n\t\t\t\t<\/div>\n\t\t\t\t<\/div>\n\t\t\t\t<div class=\"elementor-element elementor-element-ff53ba5 elementor-widget elementor-widget-image\" data-id=\"ff53ba5\" data-element_type=\"widget\" data-widget_type=\"image.default\">\n\t\t\t\t<div class=\"elementor-widget-container\">\n\t\t\t\t\t\t\t\t\t\t\t\t\t\t\t<img loading=\"lazy\" decoding=\"async\" width=\"300\" height=\"294\" src=\"https:\/\/schneideragroambiental.com.br\/wp-content\/uploads\/2024\/09\/servico1.png\" class=\"attachment-large size-large wp-image-94\" alt=\"\" \/>\t\t\t\t\t\t\t\t\t\t\t\t\t\t\t<\/div>\n\t\t\t\t<\/div>\n\t\t\t\t<div class=\"elementor-element elementor-element-f585a92 elementor-hidden-mobile elementor-widget elementor-widget-image\" data-id=\"f585a92\" data-element_type=\"widget\" data-widget_type=\"image.default\">\n\t\t\t\t<div class=\"elementor-widget-container\">\n\t\t\t\t\t\t\t\t\t\t\t\t\t\t\t<img loading=\"lazy\" decoding=\"async\" width=\"300\" height=\"294\" src=\"https:\/\/schneideragroambiental.com.br\/wp-content\/uploads\/2024\/09\/servico2.png\" class=\"attachment-large size-large wp-image-95\" alt=\"\" \/>\t\t\t\t\t\t\t\t\t\t\t\t\t\t\t<\/div>\n\t\t\t\t<\/div>\n\t\t\t\t<div class=\"elementor-element elementor-element-3c1c76d elementor-hidden-mobile elementor-widget elementor-widget-image\" data-id=\"3c1c76d\" data-element_type=\"widget\" data-widget_type=\"image.default\">\n\t\t\t\t<div class=\"elementor-widget-container\">\n\t\t\t\t\t\t\t\t\t\t\t\t\t\t\t<img loading=\"lazy\" decoding=\"async\" width=\"300\" height=\"294\" src=\"https:\/\/schneideragroambiental.com.br\/wp-content\/uploads\/2024\/09\/servico3.png\" class=\"attachment-large size-large wp-image-96\" alt=\"\" \/>\t\t\t\t\t\t\t\t\t\t\t\t\t\t\t<\/div>\n\t\t\t\t<\/div>\n\t\t\t\t<div class=\"elementor-element elementor-element-6122d36 elementor-hidden-mobile elementor-widget elementor-widget-image\" data-id=\"6122d36\" data-element_type=\"widget\" data-widget_type=\"image.default\">\n\t\t\t\t<div class=\"elementor-widget-container\">\n\t\t\t\t\t\t\t\t\t\t\t\t\t\t\t<img loading=\"lazy\" decoding=\"async\" width=\"300\" height=\"297\" src=\"https:\/\/schneideragroambiental.com.br\/wp-content\/uploads\/2024\/09\/servico4.png\" class=\"attachment-large size-large wp-image-97\" alt=\"\" srcset=\"https:\/\/schneideragroambiental.com.br\/wp-content\/uploads\/2024\/09\/servico4.png 300w, https:\/\/schneideragroambiental.com.br\/wp-content\/uploads\/2024\/09\/servico4-150x150.png 150w\" sizes=\"auto, (max-width: 300px) 100vw, 300px\" \/>\t\t\t\t\t\t\t\t\t\t\t\t\t\t\t<\/div>\n\t\t\t\t<\/div>\n\t\t\t\t<div class=\"elementor-element elementor-element-3041a7d elementor-widget elementor-widget-spacer\" data-id=\"3041a7d\" data-element_type=\"widget\" data-widget_type=\"spacer.default\">\n\t\t\t\t<div class=\"elementor-widget-container\">\n\t\t\t\t\t<div class=\"elementor-spacer\">\n\t\t\t<div class=\"elementor-spacer-inner\"><\/div>\n\t\t<\/div>\n\t\t\t\t<\/div>\n\t\t\t\t<\/div>\n\t\t\t\t\t<\/div>\n\t\t<\/div>\n\t\t\t\t<div class=\"elementor-column elementor-col-50 elementor-top-column elementor-element elementor-element-06e3ffb\" data-id=\"06e3ffb\" data-element_type=\"column\">\n\t\t\t<div class=\"elementor-widget-wrap elementor-element-populated\">\n\t\t\t\t\t\t\t\t<div class=\"elementor-element elementor-element-4c90aba elementor-widget elementor-widget-spacer\" data-id=\"4c90aba\" data-element_type=\"widget\" data-widget_type=\"spacer.default\">\n\t\t\t\t<div class=\"elementor-widget-container\">\n\t\t\t\t\t<div class=\"elementor-spacer\">\n\t\t\t<div class=\"elementor-spacer-inner\"><\/div>\n\t\t<\/div>\n\t\t\t\t<\/div>\n\t\t\t\t<\/div>\n\t\t\t\t<div class=\"elementor-element elementor-element-618f772 elementor-widget elementor-widget-heading\" data-id=\"618f772\" data-element_type=\"widget\" data-widget_type=\"heading.default\">\n\t\t\t\t<div class=\"elementor-widget-container\">\n\t\t\t<style>\/*! elementor - v3.9.2 - 21-12-2022 *\/\n.elementor-heading-title{padding:0;margin:0;line-height:1}.elementor-widget-heading .elementor-heading-title[class*=elementor-size-]>a{color:inherit;font-size:inherit;line-height:inherit}.elementor-widget-heading .elementor-heading-title.elementor-size-small{font-size:15px}.elementor-widget-heading .elementor-heading-title.elementor-size-medium{font-size:19px}.elementor-widget-heading .elementor-heading-title.elementor-size-large{font-size:29px}.elementor-widget-heading .elementor-heading-title.elementor-size-xl{font-size:39px}.elementor-widget-heading .elementor-heading-title.elementor-size-xxl{font-size:59px}<\/style><h2 class=\"elementor-heading-title elementor-size-default\">Assist\u00eancia t\u00e9cnica especializada!<\/h2>\t\t<\/div>\n\t\t\t\t<\/div>\n\t\t\t\t<div class=\"elementor-element elementor-element-f5eb0ea elementor-widget elementor-widget-text-editor\" data-id=\"f5eb0ea\" data-element_type=\"widget\" data-widget_type=\"text-editor.default\">\n\t\t\t\t<div class=\"elementor-widget-container\">\n\t\t\t<style>\/*! elementor - v3.9.2 - 21-12-2022 *\/\n.elementor-widget-text-editor.elementor-drop-cap-view-stacked .elementor-drop-cap{background-color:#818a91;color:#fff}.elementor-widget-text-editor.elementor-drop-cap-view-framed .elementor-drop-cap{color:#818a91;border:3px solid;background-color:transparent}.elementor-widget-text-editor:not(.elementor-drop-cap-view-default) .elementor-drop-cap{margin-top:8px}.elementor-widget-text-editor:not(.elementor-drop-cap-view-default) .elementor-drop-cap-letter{width:1em;height:1em}.elementor-widget-text-editor .elementor-drop-cap{float:left;text-align:center;line-height:1;font-size:50px}.elementor-widget-text-editor .elementor-drop-cap-letter{display:inline-block}<\/style>\t\t\t\t<p><strong>&#8211; Consultoria Ambiental<\/strong><\/p><p class=\"wb-stl-normal\">\u00a0<\/p><p class=\"wb-stl-normal\"><strong><span style=\"color: #212121;\">&#8211; Investiga\u00e7\u00e3o, Diagn\u00f3stico, Avalia\u00e7\u00e3o de Risco, Projeto e Gerenciamento de Remedia\u00e7\u00e3o de \u00c1reas Degradadas<\/span><\/strong><\/p><p class=\"wb-stl-normal\">\u00a0<\/p><p class=\"wb-stl-normal\"><strong><span style=\"color: #212121;\">&#8211; Cadastro Ambiental Rural &#8211; CAR<\/span><\/strong><\/p><p class=\"wb-stl-normal\">\u00a0<\/p><p class=\"wb-stl-normal\"><strong><span style=\"color: #212121;\">&#8211; Licenciamento Ambiental<\/span><\/strong><\/p><p class=\"wb-stl-normal\">\u00a0<\/p><p class=\"wb-stl-normal\"><strong><span style=\"color: #212121;\">&#8211; Assist\u00eancia T\u00e9cnica Agron\u00f4mica<\/span><\/strong><\/p><p class=\"wb-stl-normal\">\u00a0<\/p><p class=\"wb-stl-normal\"><strong><span style=\"color: #212121;\">&#8211; Servi\u00e7os de Topografia e Georreferenciamento<\/span><\/strong><\/p><p class=\"wb-stl-normal\">\u00a0<\/p><p class=\"wb-stl-normal\"><strong><span style=\"color: #212121;\">&#8211; Projetos para Cr\u00e9dito Rural<\/span><\/strong><\/p><p>\u00a0<\/p><p class=\"wb-stl-normal\"><strong><span style=\"color: #212121;\">&#8211; Planejamento Estrat\u00e9gico e Realista de Empreendimentos Agropecu\u00e1rios<\/span><\/strong><\/p><p class=\"wb-stl-normal\">\u00a0<\/p><p class=\"wb-stl-normal\"><strong><span style=\"color: #212121;\">&#8211; Coleta de Amostras para An\u00e1lises de Solo, Tecido\u00a0Vegetal e \u00c1gua<\/span><\/strong><\/p><p class=\"wb-stl-normal\">\u00a0<\/p><p class=\"wb-stl-normal\"><strong><span style=\"color: #212121;\">&#8211; Projetos para Dimensionamento e \u00a0Implanta\u00e7\u00e3o\u00a0de Sistemas de Irriga\u00e7\u00e3o, Estufas Agr\u00edcolas, Lavouras e\u00a0Pomares<\/span><\/strong><\/p><p class=\"wb-stl-normal\">\u00a0<\/p><p class=\"wb-stl-normal\"><strong><span style=\"color: #212121;\">&#8211; Solicita\u00e7\u00e3o de Outorga de Direito do Uso da \u00c1gua<\/span><\/strong><\/p><p class=\"wb-stl-normal\">\u00a0<\/p><p class=\"wb-stl-normal\"><strong><span style=\"color: #212121;\">&#8211; Responsabilidade T\u00e9cnica sobre o Processamento de Produtos Agropecu\u00e1rios (Agroind\u00fastrias, Alambiques, Cervejarias, &#8230;)<\/span><\/strong><\/p><p class=\"wb-stl-normal\">\u00a0<\/p><p class=\"wb-stl-normal\"><strong><span style=\"color: #212121;\">&#8211; Desenho\u00a0de Constru\u00e7\u00f5es Rurais, Mapas e Croquis<\/span><\/strong><\/p><p class=\"wb-stl-normal\">\u00a0<\/p><p class=\"wb-stl-normal\"><strong><span style=\"color: #212121;\">&#8211; Cadastro T\u00e9cnico Federal (IBAMA) e Cadastro Florestal (SEMA\/RS)<\/span><\/strong><\/p><p class=\"wb-stl-normal\">\u00a0<\/p><p class=\"wb-stl-normal\"><strong>E muito mais&#8230;<\/strong><\/p>\t\t\t\t\t\t<\/div>\n\t\t\t\t<\/div>\n\t\t\t\t<div class=\"elementor-element elementor-element-3593955 elementor-hidden-desktop elementor-hidden-tablet elementor-widget elementor-widget-image\" data-id=\"3593955\" data-element_type=\"widget\" data-widget_type=\"image.default\">\n\t\t\t\t<div class=\"elementor-widget-container\">\n\t\t\t\t\t\t\t\t\t\t\t\t\t\t\t<img loading=\"lazy\" decoding=\"async\" width=\"300\" height=\"294\" src=\"https:\/\/schneideragroambiental.com.br\/wp-content\/uploads\/2024\/09\/servico3.png\" class=\"attachment-large size-large wp-image-96\" alt=\"\" \/>\t\t\t\t\t\t\t\t\t\t\t\t\t\t\t<\/div>\n\t\t\t\t<\/div>\n\t\t\t\t<div class=\"elementor-element elementor-element-6707e62 elementor-widget elementor-widget-spacer\" data-id=\"6707e62\" data-element_type=\"widget\" data-widget_type=\"spacer.default\">\n\t\t\t\t<div class=\"elementor-widget-container\">\n\t\t\t\t\t<div class=\"elementor-spacer\">\n\t\t\t<div class=\"elementor-spacer-inner\"><\/div>\n\t\t<\/div>\n\t\t\t\t<\/div>\n\t\t\t\t<\/div>\n\t\t\t\t\t<\/div>\n\t\t<\/div>\n\t\t\t\t\t\t\t<\/div>\n\t\t<\/section>\n\t\t\t\t<section class=\"elementor-section elementor-top-section elementor-element elementor-element-908606d elementor-section-boxed elementor-section-height-default elementor-section-height-default\" data-id=\"908606d\" data-element_type=\"section\" data-settings=\"{&quot;background_background&quot;:&quot;classic&quot;}\">\n\t\t\t\t\t\t<div class=\"elementor-container elementor-column-gap-default\">\n\t\t\t\t\t<div class=\"elementor-column elementor-col-100 elementor-top-column elementor-element elementor-element-9347f29\" data-id=\"9347f29\" data-element_type=\"column\">\n\t\t\t<div class=\"elementor-widget-wrap elementor-element-populated\">\n\t\t\t\t\t\t\t\t<section class=\"elementor-section elementor-inner-section elementor-element elementor-element-75f5a80 elementor-section-boxed elementor-section-height-default elementor-section-height-default\" data-id=\"75f5a80\" data-element_type=\"section\">\n\t\t\t\t\t\t<div class=\"elementor-container elementor-column-gap-default\">\n\t\t\t\t\t<div class=\"elementor-column elementor-col-50 elementor-inner-column elementor-element elementor-element-269fb79\" data-id=\"269fb79\" data-element_type=\"column\">\n\t\t\t<div class=\"elementor-widget-wrap elementor-element-populated\">\n\t\t\t\t\t\t\t\t<div class=\"elementor-element elementor-element-ac5eb29 elementor-widget elementor-widget-text-editor\" data-id=\"ac5eb29\" data-element_type=\"widget\" data-widget_type=\"text-editor.default\">\n\t\t\t\t<div class=\"elementor-widget-container\">\n\t\t\t\t\t\t\t<strong><span class=\"wb-stl-highlight\">Fone: <\/span><\/strong><span class=\"wb-stl-highlight\">(51) 99699 7400<\/span><strong><span class=\"wb-stl-highlight\">\u00a0 \u00a0 \u00a0<br>E-mail: <\/span><\/strong><span class=\"wb-stl-highlight\">leonardo@schneideragroambiental.com.br<\/span>\t\t\t\t\t\t<\/div>\n\t\t\t\t<\/div>\n\t\t\t\t\t<\/div>\n\t\t<\/div>\n\t\t\t\t<div class=\"elementor-column elementor-col-50 elementor-inner-column elementor-element elementor-element-e27b390\" data-id=\"e27b390\" data-element_type=\"column\">\n\t\t\t<div class=\"elementor-widget-wrap elementor-element-populated\">\n\t\t\t\t\t\t\t\t<div class=\"elementor-element elementor-element-fe817c5 elementor-widget elementor-widget-text-editor\" data-id=\"fe817c5\" data-element_type=\"widget\" data-widget_type=\"text-editor.default\">\n\t\t\t\t<div class=\"elementor-widget-container\">\n\t\t\t\t\t\t\t<p><strong>@schneideragroambiental <\/strong>Todos os direitos reservados<b>\u00ae 2025<\/b><\/p>\t\t\t\t\t\t<\/div>\n\t\t\t\t<\/div>\n\t\t\t\t\t<\/div>\n\t\t<\/div>\n\t\t\t\t\t\t\t<\/div>\n\t\t<\/section>\n\t\t\t\t\t<\/div>\n\t\t<\/div>\n\t\t\t\t\t\t\t<\/div>\n\t\t<\/section>\n\t\t\t\t\t\t\t<\/div>\n\t\t","protected":false},"excerpt":{"rendered":"<p>Assist\u00eancia t\u00e9cnica especializada! &#8211; Consultoria Ambiental \u00a0 &#8211; Investiga\u00e7\u00e3o, Diagn\u00f3stico, Avalia\u00e7\u00e3o de Risco, Projeto e Gerenciamento de Remedia\u00e7\u00e3o de \u00c1reas Degradadas \u00a0 &#8211; Cadastro Ambiental Rural &#8211; CAR \u00a0 &#8211; Licenciamento Ambiental \u00a0 &#8211; Assist\u00eancia T\u00e9cnica Agron\u00f4mica \u00a0 &#8211; Servi\u00e7os de Topografia e Georreferenciamento \u00a0 &#8211; Projetos para Cr\u00e9dito Rural \u00a0 &#8211; Planejamento Estrat\u00e9gico e [&hellip;]<\/p>\n","protected":false},"author":1,"featured_media":0,"parent":0,"menu_order":0,"comment_status":"closed","ping_status":"closed","template":"elementor_canvas","meta":{"footnotes":""},"class_list":["post-16","page","type-page","status-publish","hentry"],"_links":{"self":[{"href":"https:\/\/schneideragroambiental.com.br\/index.php?rest_route=\/wp\/v2\/pages\/16","targetHints":{"allow":["GET"]}}],"collection":[{"href":"https:\/\/schneideragroambiental.com.br\/index.php?rest_route=\/wp\/v2\/pages"}],"about":[{"href":"https:\/\/schneideragroambiental.com.br\/index.php?rest_route=\/wp\/v2\/types\/page"}],"author":[{"embeddable":true,"href":"https:\/\/schneideragroambiental.com.br\/index.php?rest_route=\/wp\/v2\/users\/1"}],"replies":[{"embeddable":true,"href":"https:\/\/schneideragroambiental.com.br\/index.php?rest_route=%2Fwp%2Fv2%2Fcomments&post=16"}],"version-history":[{"count":58,"href":"https:\/\/schneideragroambiental.com.br\/index.php?rest_route=\/wp\/v2\/pages\/16\/revisions"}],"predecessor-version":[{"id":306,"href":"https:\/\/schneideragroambiental.com.br\/index.php?rest_route=\/wp\/v2\/pages\/16\/revisions\/306"}],"wp:attachment":[{"href":"https:\/\/schneideragroambiental.com.br\/index.php?rest_route=%2Fwp%2Fv2%2Fmedia&parent=16"}],"curies":[{"name":"wp","href":"https:\/\/api.w.org\/{rel}","templated":true}]}}